{"id":2,"date":"2015-01-13T21:16:41","date_gmt":"2015-01-13T21:16:41","guid":{"rendered":"http:\/\/hs.the-black-ips.de\/?page_id=2"},"modified":"2025-03-01T06:42:02","modified_gmt":"2025-03-01T06:42:02","slug":"beispiel-seite","status":"publish","type":"page","link":"https:\/\/www.zum-friseur-ensheim.de\/","title":{"rendered":"Home"},"content":{"rendered":"\n<p>Willkommen in unserem Salon, wo Leidenschaft auf Freundschaft trifft! Wir, zwei langj\u00e4hrige Freundinnen, teilen nicht nur unsere Liebe zum Friseurhandwerk, sondern auch einen Ort, an dem Ihr Haar in den besten H\u00e4nden ist. Lassen Sie sich von uns verw\u00f6hnen und erleben Sie stilvolle Schnitte, moderne Farben und individuelle Beratung in entspannter Atmosph\u00e4re.<\/p>\n","protected":false},"excerpt":{"rendered":"<p class=\"excerpt\">Willkommen in unserem Salon, wo Leidenschaft auf Freundschaft trifft! Wir, zwei langj\u00e4hrige Freundinnen, teilen nicht nur unsere Liebe zum Friseurhandwerk, sondern auch einen Ort, an dem Ihr Haar in den besten H\u00e4nden ist. Lassen Sie sich von uns verw\u00f6hnen und erleben Sie stilvolle Schnitte, moderne Farben und individuelle Beratung in entspannter Atmosph\u00e4re. <a href=\"https:\/\/www.zum-friseur-ensheim.de\/\">Read more &rarr;<\/a><\/p>\n","protected":false},"author":1,"featured_media":0,"parent":0,"menu_order":0,"comment_status":"closed","ping_status":"closed","template":"","meta":{"ngg_post_thumbnail":0,"footnotes":""},"class_list":["post-2","page","type-page","status-publish","hentry","xfolkentry"],"_links":{"self":[{"href":"https:\/\/www.zum-friseur-ensheim.de\/index.php?rest_route=\/wp\/v2\/pages\/2","targetHints":{"allow":["GET"]}}],"collection":[{"href":"https:\/\/www.zum-friseur-ensheim.de\/index.php?rest_route=\/wp\/v2\/pages"}],"about":[{"href":"https:\/\/www.zum-friseur-ensheim.de\/index.php?rest_route=\/wp\/v2\/types\/page"}],"author":[{"embeddable":true,"href":"https:\/\/www.zum-friseur-ensheim.de\/index.php?rest_route=\/wp\/v2\/users\/1"}],"replies":[{"embeddable":true,"href":"https:\/\/www.zum-friseur-ensheim.de\/index.php?rest_route=%2Fwp%2Fv2%2Fcomments&post=2"}],"version-history":[{"count":13,"href":"https:\/\/www.zum-friseur-ensheim.de\/index.php?rest_route=\/wp\/v2\/pages\/2\/revisions"}],"predecessor-version":[{"id":453,"href":"https:\/\/www.zum-friseur-ensheim.de\/index.php?rest_route=\/wp\/v2\/pages\/2\/revisions\/453"}],"wp:attachment":[{"href":"https:\/\/www.zum-friseur-ensheim.de\/index.php?rest_route=%2Fwp%2Fv2%2Fmedia&parent=2"}],"curies":[{"name":"wp","href":"https:\/\/api.w.org\/{rel}","templated":true}]}}